{"id":5,"date":"2020-12-08T12:23:02","date_gmt":"2020-12-08T12:23:02","guid":{"rendered":"https:\/\/tundreasiasociatii.ro\/blog\/?page_id=5"},"modified":"2020-12-08T12:23:02","modified_gmt":"2020-12-08T12:23:02","slug":"prima-pagina","status":"publish","type":"page","link":"https:\/\/tundreasiasociatii.ro\/blog\/","title":{"rendered":"Prima pagin\u0103"},"content":{"rendered":"\n<p>Bine ai venit pe situl t\u0103u! Aceasta e prima ta pagin\u0103, ce va fi v\u0103zut\u0103 de cei mai mul\u021bi vizitatori care vin pe situl t\u0103u pentru prima dat\u0103.<\/p>\n","protected":false},"excerpt":{"rendered":"<p>Bine ai venit pe situl t\u0103u! Aceasta e prima ta pagin\u0103, ce va fi v\u0103zut\u0103 de cei mai mul\u021bi vizitatori care vin pe situl t\u0103u pentru prima dat\u0103.<\/p>\n","protected":false},"author":1,"featured_media":0,"parent":0,"menu_order":0,"comment_status":"closed","ping_status":"closed","template":"","meta":[],"_links":{"self":[{"href":"https:\/\/tundreasiasociatii.ro\/blog\/wp-json\/wp\/v2\/pages\/5"}],"collection":[{"href":"https:\/\/tundreasiasociatii.ro\/blog\/wp-json\/wp\/v2\/pages"}],"about":[{"href":"https:\/\/tundreasiasociatii.ro\/blog\/wp-json\/wp\/v2\/types\/page"}],"author":[{"embeddable":true,"href":"https:\/\/tundreasiasociatii.ro\/blog\/wp-json\/wp\/v2\/users\/1"}],"replies":[{"embeddable":true,"href":"https:\/\/tundreasiasociatii.ro\/blog\/wp-json\/wp\/v2\/comments?post=5"}],"version-history":[{"count":1,"href":"https:\/\/tundreasiasociatii.ro\/blog\/wp-json\/wp\/v2\/pages\/5\/revisions"}],"predecessor-version":[{"id":9,"href":"https:\/\/tundreasiasociatii.ro\/blog\/wp-json\/wp\/v2\/pages\/5\/revisions\/9"}],"wp:attachment":[{"href":"https:\/\/tundreasiasociatii.ro\/blog\/wp-json\/wp\/v2\/media?parent=5"}],"curies":[{"name":"wp","href":"https:\/\/api.w.org\/{rel}","templated":true}]}}